{"id":121,"date":"2025-05-03T21:09:31","date_gmt":"2025-05-03T19:09:31","guid":{"rendered":"https:\/\/marieditmoisson.fr\/?page_id=121"},"modified":"2026-04-06T12:54:05","modified_gmt":"2026-04-06T10:54:05","slug":"stages-chamaniques","status":"publish","type":"page","link":"https:\/\/marieditmoisson.fr\/index.php\/stages-chamaniques\/","title":{"rendered":"Formations en Chamanisme"},"content":{"rendered":"\n<p class=\"has-text-align-center\">\u00ab&nbsp;<strong>UN NOUVEAU CHAMANISME COMMENCE A SE D\u00c9VELOPPER<\/strong> en Europe centrale. (\u2026)<br>Tout le monde ne peut pas \u00eatre un chaman dou\u00e9, mais la capacit\u00e9 de faire l\u2019exp\u00e9rience de base du \u00ab&nbsp;Voyage du Chaman&nbsp;\u00bb <br>est un bien commun de la race humaine. (\u2026)<br><strong>PERSONNE N\u2019EST EXCLU DE CETTE \u00c9VOLUTION<\/strong> : <br>elle est possible pour chaque \u00eatre humain, ind\u00e9pendamment de sa profession, de ses pr\u00e9jug\u00e9s, de sa religion ou de ses convictions.<br>Le fait que nous reprenions les m\u00e9thodes de nos anc\u00eatres prouve leur validit\u00e9 intemporelle &nbsp;\u00bb.<br><br>Paul Uccusic, <em>Gu\u00e9rir par la Force de l\u2019Amour<\/em> \u2013 Anston Verlag, 1984<\/p>\n\n\n\n<p>.<\/p>\n\n\n\n<p><strong>DANS LES PEUPLES PREMIERS, LE CHAMAN VOYAGE pour sa famille, son peuple, ses clients<\/strong>, pour aller dans la R\u00e9alit\u00e9 non-ordinaire, dans les \u00ab&nbsp;autres Mondes&nbsp;\u00bb, et en rapporter des tr\u00e9sors non-ordinaires (extra-ordinaires) : connaissances, conseils, pouvoir, soin de l\u2019\u00e2me. <br>Ce r\u00f4le du Chaman est r\u00e9pandu depuis des centaines de milliers d\u2019ann\u00e9es parmi les peuples de tous les continents : Am\u00e9riques, Asie, Australie, Europe, Afrique.<\/p>\n\n\n\n<p><strong>AUJOURD\u2019HUI, APPRENDRE A VOYAGER DANS LES MONDES CHAMANIQUES<\/strong> est \u00e0 la port\u00e9e de toute personne int\u00e9ress\u00e9e, s\u00e9rieuse, m\u00e9thodique. Toute personne adulte peut apprendre \u00e0 voyager pour aller chercher des r\u00e9ponses \u00e0 ses questions, ses probl\u00e9matiques et rapporter r\u00e9confort, cr\u00e9ativit\u00e9, forces d\u2019\u00e2me pour le quotidien.<br>Guid\u00e9 par le Praticien en Chamanisme, la personne apprend pas-\u00e0-pas comment voyager par elle-m\u00eame au son du tambour. Elle apprend, au figur\u00e9, \u00e0 \u00ab&nbsp;enfourcher&nbsp;\u00bb ce \u00ab&nbsp;cheval&nbsp;\u00bb, comme les peuples de Mongolie appelle le tambour.<\/p>\n\n\n\n<p><strong>APPRENDRE LE VOYAGE CHAMANIQUE, LE \u00ab&nbsp;VOL MAGIQUE&nbsp;\u00bb,<\/strong> s\u2019effectue de fa\u00e7on m\u00e9thodique, douce et coh\u00e9rente en plusieurs s\u00e9ances.<br>Au fur et \u00e0 mesure de de cet apprentissage, le Conseiller chamanique guide son client pour le rendre autonome et apte \u00e0 obtenir ses propres r\u00e9ponses aupr\u00e8s de ses propres esprits aidants, bienveillants et compatissants.<\/p>\n\n\n\n<p><strong>LIEU &amp; TARIF<\/strong><br>EN PR\u00c9SENTIEL : proche de TOULOUSE.<br>EN VISIO : par WhatsApp.<br>Chaque s\u00e9ance (90 \u20ac) dure entre 1h et 1h30.<\/p>\n\n\n\n<figure class=\"wp-block-image aligncenter size-full is-resized\"><img loading=\"lazy\" decoding=\"async\" width=\"1024\" height=\"705\" src=\"http:\/\/marieditmoisson.fr\/wp-content\/uploads\/2026\/04\/aigle_vol-1024x705-1.jpg\" alt=\"\" class=\"wp-image-470\" style=\"width:730px;height:auto\" srcset=\"https:\/\/marieditmoisson.fr\/wp-content\/uploads\/2026\/04\/aigle_vol-1024x705-1.jpg 1024w, https:\/\/marieditmoisson.fr\/wp-content\/uploads\/2026\/04\/aigle_vol-1024x705-1-300x207.jpg 300w\" sizes=\"auto, (max-width: 1024px) 100vw, 1024px\" \/><figcaption class=\"wp-element-caption\">\u00a9 Istock<\/figcaption><\/figure>\n\n\n\n<p><\/p>\n","protected":false},"excerpt":{"rendered":"<p>\u00ab&nbsp;UN NOUVEAU CHAMANISME COMMENCE A SE D\u00c9VELOPPER en Europe centrale. (\u2026)Tout le monde ne peut pas \u00eatre un chaman dou\u00e9, mais la capacit\u00e9 de faire l\u2019exp\u00e9rience de base du \u00ab&nbsp;Voyage du Chaman&nbsp;\u00bb est un bien commun de la race humaine. (\u2026)PERSONNE N\u2019EST EXCLU DE CETTE \u00c9VOLUTION : elle est possible pour chaque \u00eatre humain, ind\u00e9pendamment &hellip; <\/p>\n<p class=\"link-more\"><a href=\"https:\/\/marieditmoisson.fr\/index.php\/stages-chamaniques\/\" class=\"more-link\">Lire la suite de<span class=\"screen-reader-text\">\u00ab\u00a0Formations en Chamanisme\u00a0\u00bb<\/span><\/a><\/p>\n","protected":false},"author":1,"featured_media":0,"parent":0,"menu_order":0,"comment_status":"closed","ping_status":"closed","template":"","meta":{"footnotes":""},"class_list":["post-121","page","type-page","status-publish","hentry"],"featured_media_urls":[],"_links":{"self":[{"href":"https:\/\/marieditmoisson.fr\/index.php\/wp-json\/wp\/v2\/pages\/121","targetHints":{"allow":["GET"]}}],"collection":[{"href":"https:\/\/marieditmoisson.fr\/index.php\/wp-json\/wp\/v2\/pages"}],"about":[{"href":"https:\/\/marieditmoisson.fr\/index.php\/wp-json\/wp\/v2\/types\/page"}],"author":[{"embeddable":true,"href":"https:\/\/marieditmoisson.fr\/index.php\/wp-json\/wp\/v2\/users\/1"}],"replies":[{"embeddable":true,"href":"https:\/\/marieditmoisson.fr\/index.php\/wp-json\/wp\/v2\/comments?post=121"}],"version-history":[{"count":8,"href":"https:\/\/marieditmoisson.fr\/index.php\/wp-json\/wp\/v2\/pages\/121\/revisions"}],"predecessor-version":[{"id":597,"href":"https:\/\/marieditmoisson.fr\/index.php\/wp-json\/wp\/v2\/pages\/121\/revisions\/597"}],"wp:attachment":[{"href":"https:\/\/marieditmoisson.fr\/index.php\/wp-json\/wp\/v2\/media?parent=121"}],"curies":[{"name":"wp","href":"https:\/\/api.w.org\/{rel}","templated":true}]}}