{"id":123,"date":"2025-05-03T21:09:50","date_gmt":"2025-05-03T19:09:50","guid":{"rendered":"https:\/\/marieditmoisson.fr\/?page_id=123"},"modified":"2026-04-06T12:52:30","modified_gmt":"2026-04-06T10:52:30","slug":"soins-chamaniques","status":"publish","type":"page","link":"https:\/\/marieditmoisson.fr\/index.php\/soins-chamaniques\/","title":{"rendered":"Soins chamaniques"},"content":{"rendered":"\n<p><strong>LE PRATICIEN CHAMANIQUE<\/strong> appartient \u00e0 une lign\u00e9e initiatique tr\u00e8s ancienne.<br>Le Chamanisme n\u2019est pas une croyance, mais une simple pratique. Il ne s\u2019explique pas, mais s\u2019exp\u00e9rimente et se vit.<br><strong>Le travail de soin chamanique est une forme de gu\u00e9rison spirituelle ayant pour objectif le bien-\u00eatre spirituel d\u2019une personne, d\u2019une situation, d\u2019un animal, d\u2019un lieu<\/strong>, etc..<\/p>\n\n\n\n<p>Le Praticien chamanique travaille en \u00e9tat de conscience modifi\u00e9. Sa ma\u00eetrise lui permet de passer \u00e0 loisir d\u2019un \u00e9tat de conscience ordinaire \u00e0 un \u00e9tat de conscience non-ordinaire pour voyager entre les Mondes. <br>Cet \u00e9tat de conscience chamanique est obtenu exclusivement par le son rythm\u00e9 du tambour chamanique.<br><strong>De ses voyages int\u00e9rieurs avec ses guides, il rapporte des r\u00e9ponses, cr\u00e9atives et utiles pour des probl\u00e8mes parfois insolubles<\/strong>.<br><strong>Il travaille avec les \u00e2mes (latin, anima : ce qui anime), les \u00e9nergies de toutes formes de vie, de la nature, des lieux, min\u00e9raux, animaux, humains, etc.<\/strong>.<br><br><strong>QUELQUES EXEMPLES DE SOINS CHAMANIQUES<\/strong> :<\/p>\n\n\n\n<ul class=\"wp-block-list\">\n<li>demander d&rsquo;am\u00e9liorer une probl\u00e9matique humaine, animale, familiale ; un lieu, une entreprise, un projet, etc. <\/li>\n\n\n\n<li><strong>trouver une solution innovante \u00e0 une situation complexe<\/strong>, apparemment sans issue<\/li>\n\n\n\n<li>faire un choix difficile<\/li>\n\n\n\n<li><strong>se lib\u00e9rer du pass\u00e9, retrouver la paix suite \u00e0 un deuil<\/strong><\/li>\n\n\n\n<li>retrouver plus de vie, de force<\/li>\n\n\n\n<li><strong>r\u00e9\u00e9quilibrer un lieu, une soci\u00e9t\u00e9<\/strong><\/li>\n\n\n\n<li>d\u00e9couvrir son animal de pouvoir ou son guide<\/li>\n\n\n\n<li><strong>aider un chat, un cheval, un jardin <\/strong><\/li>\n\n\n\n<li>demander l&rsquo;harmonie pour un mariage<\/li>\n\n\n\n<li><strong>accompagner un d\u00e9funt vers l&rsquo;au-del\u00e0<\/strong><\/li>\n\n\n\n<li>accueillir un nouveau-n\u00e9 sous de bonnes auspices.<\/li>\n<\/ul>\n\n\n\n<p><strong>L\u2019\u00c9THIQUE DU PRATICIEN CHAMANIQUE<\/strong> est celle des th\u00e9rapeutes en g\u00e9n\u00e9ral :<\/p>\n\n\n\n<ul class=\"wp-block-list\">\n<li>avant tout travail de soin chamanique ou de divination, la permission du client\/e est n\u00e9cessaire (consentement explicite et \u00e9clair\u00e9)<\/li>\n\n\n\n<li>confidentialit\u00e9 strictement respect\u00e9e des informations : transmises par les clients ou par les esprits pendant le travail chamanique<\/li>\n\n\n\n<li>aucun contact physique<\/li>\n\n\n\n<li>un soin chamanisme respecte le cadre de la demande du client\/e<\/li>\n\n\n\n<li>la sant\u00e9 ou les traitements du client\/e ne sont pas abord\u00e9s : ils ne concernent que le client\/e et son m\u00e9decin.<\/li>\n<\/ul>\n\n\n\n<p><strong>LIEUX &amp; TARIF<\/strong><\/p>\n\n\n\n<p>EN PR\u00c9SENTIEL : proche de TOULOUSE.<br>EN VISIO : par WhatsApp.<br>La s\u00e9ance (90 \u20ac) dure entre 1h et 1h30.<\/p>\n\n\n\n<figure class=\"wp-block-image aligncenter size-full is-resized\"><img loading=\"lazy\" decoding=\"async\" width=\"1254\" height=\"837\" src=\"http:\/\/marieditmoisson.fr\/wp-content\/uploads\/2025\/12\/iStock-1030584102.jpg\" alt=\"\" class=\"wp-image-252\" style=\"width:698px;height:auto\" srcset=\"https:\/\/marieditmoisson.fr\/wp-content\/uploads\/2025\/12\/iStock-1030584102.jpg 1254w, https:\/\/marieditmoisson.fr\/wp-content\/uploads\/2025\/12\/iStock-1030584102-300x200.jpg 300w, https:\/\/marieditmoisson.fr\/wp-content\/uploads\/2025\/12\/iStock-1030584102-1024x683.jpg 1024w\" sizes=\"auto, (max-width: 1254px) 100vw, 1254px\" \/><figcaption class=\"wp-element-caption\">\u00a9 Istock<\/figcaption><\/figure>\n","protected":false},"excerpt":{"rendered":"<p>LE PRATICIEN CHAMANIQUE appartient \u00e0 une lign\u00e9e initiatique tr\u00e8s ancienne.Le Chamanisme n\u2019est pas une croyance, mais une simple pratique. Il ne s\u2019explique pas, mais s\u2019exp\u00e9rimente et se vit.Le travail de soin chamanique est une forme de gu\u00e9rison spirituelle ayant pour objectif le bien-\u00eatre spirituel d\u2019une personne, d\u2019une situation, d\u2019un animal, d\u2019un lieu, etc.. Le Praticien &hellip; <\/p>\n<p class=\"link-more\"><a href=\"https:\/\/marieditmoisson.fr\/index.php\/soins-chamaniques\/\" class=\"more-link\">Lire la suite de<span class=\"screen-reader-text\">\u00ab\u00a0Soins chamaniques\u00a0\u00bb<\/span><\/a><\/p>\n","protected":false},"author":1,"featured_media":0,"parent":0,"menu_order":0,"comment_status":"closed","ping_status":"closed","template":"","meta":{"footnotes":""},"class_list":["post-123","page","type-page","status-publish","hentry"],"featured_media_urls":[],"_links":{"self":[{"href":"https:\/\/marieditmoisson.fr\/index.php\/wp-json\/wp\/v2\/pages\/123","targetHints":{"allow":["GET"]}}],"collection":[{"href":"https:\/\/marieditmoisson.fr\/index.php\/wp-json\/wp\/v2\/pages"}],"about":[{"href":"https:\/\/marieditmoisson.fr\/index.php\/wp-json\/wp\/v2\/types\/page"}],"author":[{"embeddable":true,"href":"https:\/\/marieditmoisson.fr\/index.php\/wp-json\/wp\/v2\/users\/1"}],"replies":[{"embeddable":true,"href":"https:\/\/marieditmoisson.fr\/index.php\/wp-json\/wp\/v2\/comments?post=123"}],"version-history":[{"count":24,"href":"https:\/\/marieditmoisson.fr\/index.php\/wp-json\/wp\/v2\/pages\/123\/revisions"}],"predecessor-version":[{"id":596,"href":"https:\/\/marieditmoisson.fr\/index.php\/wp-json\/wp\/v2\/pages\/123\/revisions\/596"}],"wp:attachment":[{"href":"https:\/\/marieditmoisson.fr\/index.php\/wp-json\/wp\/v2\/media?parent=123"}],"curies":[{"name":"wp","href":"https:\/\/api.w.org\/{rel}","templated":true}]}}