{"id":135,"date":"2025-05-03T21:19:59","date_gmt":"2025-05-03T19:19:59","guid":{"rendered":"https:\/\/marieditmoisson.fr\/?page_id=135"},"modified":"2026-04-04T18:40:21","modified_gmt":"2026-04-04T16:40:21","slug":"un-art-unique","status":"publish","type":"page","link":"https:\/\/marieditmoisson.fr\/index.php\/un-art-unique\/","title":{"rendered":"Un Art unique"},"content":{"rendered":"\n<p><strong>Jean-Philippe MARIE DIT MOISSON, est issu des mus\u00e9es nationaux.<\/strong><br><strong>Il est h\u00e9ritier de prestigieuses traditions d\u2019art fran\u00e7aises<\/strong> : Mus\u00e9e du Louvre, \u00c9cole Boulle, \u00c9coles Nationales Sup\u00e9rieures d\u2019Arts Appliqu\u00e9s, Les Compagnons du Devoir.<\/p>\n\n\n\n<figure class=\"wp-block-image size-large\"><img loading=\"lazy\" decoding=\"async\" width=\"1024\" height=\"223\" src=\"http:\/\/marieditmoisson.fr\/wp-content\/uploads\/2026\/04\/7portraits-1024x223.png\" alt=\"\" class=\"wp-image-570\" srcset=\"https:\/\/marieditmoisson.fr\/wp-content\/uploads\/2026\/04\/7portraits-1024x223.png 1024w, https:\/\/marieditmoisson.fr\/wp-content\/uploads\/2026\/04\/7portraits-300x65.png 300w, https:\/\/marieditmoisson.fr\/wp-content\/uploads\/2026\/04\/7portraits.png 1112w\" sizes=\"auto, (max-width: 1024px) 100vw, 1024px\" \/><\/figure>\n\n\n\n<p><br><strong>TRANSFORMER LE VIN EN \u0152UVRE D&rsquo;ART<br><\/strong>Jean-Philippe MARIE DIT MOISSON \u2013 Artiste-Peintre de Vin \u2013 est L\u2019ARTISTE FRAN\u00c7AIS QUI TRANSFORME LE VIN EN \u0152UVRES D\u2019ART.<br>L\u00a0\u00bbart qu\u2019il a mis au point lui permet de transformer le vin en tableaux d\u2019exception, principalement en portraits \u00e9blouissants d\u2019humanit\u00e9 et de vie.<br>L\u2019art et la culture, indissociables de l\u2019univers viticole et de son patrimoine historique, trouvent leur accomplissement et leur symbiose dans ses v\u00e9ritables <strong>\u00ab Portraits de vins \u00bb<\/strong>.<\/p>\n\n\n\n<p><strong>SON SECRET : un m\u00e9tier d\u2019art et de luxe unique au monde, l\u2019\u00e9l\u00e9gance \u00e0 la Fran\u00e7aise<\/strong>.<br>SON SAVOIR-FAIRE : l\u2019art de faire parler le vin, pour le transmuer en harmonies color\u00e9es et p\u00e9rennes ; l\u2019art de r\u00e9v\u00e9ler les subtiles richesses chromatiques jusque l\u00e0 rest\u00e9es secr\u00e8tes.<br>C\u2019est tout le sens de la vue, toute la riche gamme chromatique du vin que l\u2019artiste-peintre propose de valoriser et d\u2019exploiter.<br><\/p>\n\n\n\n<p><br><br><strong>La passion de Jean-Philippe MARIE DIT MOISSON vise \u00e0 magnifier le vin par l\u2019art<\/strong>, \u00e0 magnifier l\u2019art par le vin en tant que m\u00e9dium.L\u2019artiste a pour cela \u00e9labor\u00e9 des techniques pr\u00e9cises et complexes permettant de peindre avec le vin exclusivement.<br>La vue repr\u00e9sente 80% de nos perceptions ; elle est le premier mode de d\u00e9gustation des vins avant de laisser la place \u00e0 l\u2019odorat, puis au go\u00fbt. Par les \u0153uvres de Jean-Philippe MARIE DIT MOISSON, le vin peut se contempler et nous \u00e9merveiller pour des ann\u00e9es et des si\u00e8cles durant.<\/p>\n\n\n\n<p><strong>Renouvelant la grande tradition artistique fran\u00e7aise<\/strong>, chaque tableau du peintre JPh. MARIE DIT MOISSON tire ses myst\u00e8res de l\u2019\u00e9b\u00e9nisterie d\u2019art, de la peinture des Anciens, de la spagyrie des alchimistes : chaque tableau est \u00ab \u00e9lev\u00e9 \u00bb, mature longuement et peut couramment demander cinq \u00e0 six mois d\u2019affinage, parfois une ann\u00e9e.<br>Certains amateurs d\u2019art murmurent que le soleil et la lune prennent \u00e0 c\u0153ur de collaborer avec l\u2019artiste pour cr\u00e9er avec lui, en une harmonie secr\u00e8te, chacun de ses \u00ab Portraits de vins \u00bb.<br>La structure du vin, ses couches s\u2019interp\u00e9n\u00e9trant ou non, s\u2019\u00e9talant ou non, \u00e9voluant ou non selon le temps, donnent \u00e0 chaque tableau une facture, une texture, des gammes color\u00e9es que l\u2019on peut dire uniques.<\/p>\n\n\n\n<p><strong>L\u2019art de Jean-Philippe MARIE DIT MOISSON d\u00e9gage, tel un parfum visuel, une \u00e9l\u00e9gance, un savoir-vivre \u00e0 la Fran\u00e7aise<\/strong> ; il allie beaut\u00e9 et technicit\u00e9 pour permettre au vin de parler de lui-m\u00eame et repr\u00e9senter les hommes qui l\u2019ont fait na\u00eetre ou ceux qui communient avec lui.<br>Chaque vin se transforme alors en chef-d\u2019\u0153uvre, en tableau, en portrait ; son riche langage chromatique murmure mille secrets pour le plus grand plaisir des yeux et des sens int\u00e9rieurs.<\/p>\n\n\n\n<p><\/p>\n\n\n\n<p><strong>R\u00c9F\u00c9RENCES CLIENTS<\/strong> : <br>Mus\u00e9e du Louvre, Ch\u00e2teau de Versailles, Cath\u00e9drales de France, Philippe Starck, Cristallerie Baccarat, Haviland &amp; Parlon.<br><br><strong>EXPOSITION PERSONNELLE<\/strong> : <br>Ch\u00e2teau de Flaugergues (2015)<\/p>\n","protected":false},"excerpt":{"rendered":"<p>Jean-Philippe MARIE DIT MOISSON, est issu des mus\u00e9es nationaux.Il est h\u00e9ritier de prestigieuses traditions d\u2019art fran\u00e7aises : Mus\u00e9e du Louvre, \u00c9cole Boulle, \u00c9coles Nationales Sup\u00e9rieures d\u2019Arts Appliqu\u00e9s, Les Compagnons du Devoir. TRANSFORMER LE VIN EN \u0152UVRE D&rsquo;ARTJean-Philippe MARIE DIT MOISSON \u2013 Artiste-Peintre de Vin \u2013 est L\u2019ARTISTE FRAN\u00c7AIS QUI TRANSFORME LE VIN EN \u0152UVRES D\u2019ART.L\u00a0\u00bbart &hellip; <\/p>\n<p class=\"link-more\"><a href=\"https:\/\/marieditmoisson.fr\/index.php\/un-art-unique\/\" class=\"more-link\">Lire la suite de<span class=\"screen-reader-text\">\u00ab\u00a0Un Art unique\u00a0\u00bb<\/span><\/a><\/p>\n","protected":false},"author":1,"featured_media":0,"parent":0,"menu_order":0,"comment_status":"closed","ping_status":"closed","template":"","meta":{"footnotes":""},"class_list":["post-135","page","type-page","status-publish","hentry"],"featured_media_urls":[],"_links":{"self":[{"href":"https:\/\/marieditmoisson.fr\/index.php\/wp-json\/wp\/v2\/pages\/135","targetHints":{"allow":["GET"]}}],"collection":[{"href":"https:\/\/marieditmoisson.fr\/index.php\/wp-json\/wp\/v2\/pages"}],"about":[{"href":"https:\/\/marieditmoisson.fr\/index.php\/wp-json\/wp\/v2\/types\/page"}],"author":[{"embeddable":true,"href":"https:\/\/marieditmoisson.fr\/index.php\/wp-json\/wp\/v2\/users\/1"}],"replies":[{"embeddable":true,"href":"https:\/\/marieditmoisson.fr\/index.php\/wp-json\/wp\/v2\/comments?post=135"}],"version-history":[{"count":10,"href":"https:\/\/marieditmoisson.fr\/index.php\/wp-json\/wp\/v2\/pages\/135\/revisions"}],"predecessor-version":[{"id":571,"href":"https:\/\/marieditmoisson.fr\/index.php\/wp-json\/wp\/v2\/pages\/135\/revisions\/571"}],"wp:attachment":[{"href":"https:\/\/marieditmoisson.fr\/index.php\/wp-json\/wp\/v2\/media?parent=135"}],"curies":[{"name":"wp","href":"https:\/\/api.w.org\/{rel}","templated":true}]}}