{"id":137,"date":"2025-05-03T21:20:59","date_gmt":"2025-05-03T19:20:59","guid":{"rendered":"https:\/\/marieditmoisson.fr\/?page_id=137"},"modified":"2026-04-04T18:52:59","modified_gmt":"2026-04-04T16:52:59","slug":"parcours-artistique","status":"publish","type":"page","link":"https:\/\/marieditmoisson.fr\/index.php\/parcours-artistique\/","title":{"rendered":"Distinctions"},"content":{"rendered":"\n<p><strong>Jean-Philippe MARIE DIT MOISSON, est issu des mus\u00e9es nationaux Il est h\u00e9ritier de prestigieuses traditions d\u2019art fran\u00e7aises<\/strong> : Mus\u00e9e du Louvre, \u00c9cole Boulle, \u00c9coles Nationales Sup\u00e9rieures d\u2019Arts Appliqu\u00e9s, Compagnons du Devoir du Tour de France.<br>Apr\u00e8s une carri\u00e8re artistique en tant que Sculpteur-statuaire, il d\u00e9veloppe aujourd&rsquo;hui l&rsquo;art et les techniques qu&rsquo;il a invent\u00e9s.<br>Son art est unique et sp\u00e9cifique \u00e0 la Corse : peindre \u00e0 100% avec le vin de Corse, le soleil et la lune de Corse.<\/p>\n\n\n\n<figure class=\"wp-block-image aligncenter size-large is-resized\"><img loading=\"lazy\" decoding=\"async\" width=\"1024\" height=\"974\" src=\"http:\/\/marieditmoisson.fr\/wp-content\/uploads\/2026\/04\/societe-academique-arts-sciences-lettres-1024x974.jpg\" alt=\"\" class=\"wp-image-574\" style=\"aspect-ratio:1.0513355227485315;width:175px;height:auto\" srcset=\"https:\/\/marieditmoisson.fr\/wp-content\/uploads\/2026\/04\/societe-academique-arts-sciences-lettres-1024x974.jpg 1024w, https:\/\/marieditmoisson.fr\/wp-content\/uploads\/2026\/04\/societe-academique-arts-sciences-lettres-300x285.jpg 300w, https:\/\/marieditmoisson.fr\/wp-content\/uploads\/2026\/04\/societe-academique-arts-sciences-lettres.jpg 1717w\" sizes=\"auto, (max-width: 1024px) 100vw, 1024px\" \/><\/figure>\n\n\n\n<p><strong>R\u00c9F\u00c9RENCES CLIENTS<\/strong><br><br>\u2022 MUS\u00c9E DU LOUVRE<br>\u2022 MUS\u00c9E D&rsquo;ALEXANDRIE<br>\u2022 MUS\u00c9E D\u2019HISTOIRE DE LA M\u00c9DECINE<br>\u2022 CH\u00c2TEAU DE VERSAILLES<br>\u2022 CATH\u00c9DRALE DE REIMS, CATH\u00c9DRALE D\u2019AUTUN<br>\u2022 CRISTALLERIE DE BACCARAT<br>\u2022 PORCELAINES HAVILAND &amp; PARLON, Limoges<br>\u2022 PHILIP STARCK : HUDSON HOTEL, New York<br>\u2022 COLLECTIONS PARTICULI\u00c8RES : France, Suisse, Hollande, Japon, \u00c9tats-Unis, etc.<\/p>\n\n\n\n<p><strong>DISTINCTIONS<\/strong><br><br>\u2022 2015 \u2013 CH\u00c2TEAU DE FLAUGERGUES : Exposition personnelle de mes tableaux<br>\u2022 2001 \u2013 SALON NATIONAL DES ARTISTES ANIMALIERS : Prix de la Fonderie Deroyaume<br>\u2022 2000 \u2013 BIENNALE EUROP\u00c9ENNE DE SCULPTURE ANIMALI\u00c8RE, Bergerie nationale :&nbsp;Grand prix de Sculpture<br>\u2022 2000 \u2013 SOCI\u00c9T\u00c9 ACAD\u00c9MIQUE \u00ab ARTS-SCIENCES-LETTRES \u00bb : M\u00e9daille d\u2019Argent<br>\u2022 1998 \u2013 BIENNALE EUROP\u00c9ENNE DE SCULPTURE ANIMALI\u00c8RE :&nbsp; M\u00e9daille d\u2019Argent<br>\u2022 1998 \u2013 SALON INTERNATIONAL \u2013 COMIT\u00c9 \u00c9QUESTRE DE SAUMUR : 1er prix de sculpture<br>\u2022 1998 \u2013 SALON NATIONAL DES ARTISTES ANIMALIERS : Prix Henri Mori<\/p>\n\n\n\n<figure class=\"wp-block-image size-large\"><img loading=\"lazy\" decoding=\"async\" width=\"1024\" height=\"852\" src=\"https:\/\/marieditmoisson.fr\/wp-content\/uploads\/2025\/12\/2025-plaquette_sculptures-1024x852.jpg\" alt=\"\" class=\"wp-image-293\" srcset=\"https:\/\/marieditmoisson.fr\/wp-content\/uploads\/2025\/12\/2025-plaquette_sculptures-1024x852.jpg 1024w, https:\/\/marieditmoisson.fr\/wp-content\/uploads\/2025\/12\/2025-plaquette_sculptures-300x250.jpg 300w, https:\/\/marieditmoisson.fr\/wp-content\/uploads\/2025\/12\/2025-plaquette_sculptures-2000x1664.jpg 2000w\" sizes=\"auto, (max-width: 1024px) 100vw, 1024px\" \/><\/figure>\n","protected":false},"excerpt":{"rendered":"<p>Jean-Philippe MARIE DIT MOISSON, est issu des mus\u00e9es nationaux Il est h\u00e9ritier de prestigieuses traditions d\u2019art fran\u00e7aises : Mus\u00e9e du Louvre, \u00c9cole Boulle, \u00c9coles Nationales Sup\u00e9rieures d\u2019Arts Appliqu\u00e9s, Compagnons du Devoir du Tour de France.Apr\u00e8s une carri\u00e8re artistique en tant que Sculpteur-statuaire, il d\u00e9veloppe aujourd&rsquo;hui l&rsquo;art et les techniques qu&rsquo;il a invent\u00e9s.Son art est unique &hellip; <\/p>\n<p class=\"link-more\"><a href=\"https:\/\/marieditmoisson.fr\/index.php\/parcours-artistique\/\" class=\"more-link\">Lire la suite de<span class=\"screen-reader-text\">\u00ab\u00a0Distinctions\u00a0\u00bb<\/span><\/a><\/p>\n","protected":false},"author":1,"featured_media":0,"parent":0,"menu_order":0,"comment_status":"closed","ping_status":"closed","template":"","meta":{"footnotes":""},"class_list":["post-137","page","type-page","status-publish","hentry"],"featured_media_urls":[],"_links":{"self":[{"href":"https:\/\/marieditmoisson.fr\/index.php\/wp-json\/wp\/v2\/pages\/137","targetHints":{"allow":["GET"]}}],"collection":[{"href":"https:\/\/marieditmoisson.fr\/index.php\/wp-json\/wp\/v2\/pages"}],"about":[{"href":"https:\/\/marieditmoisson.fr\/index.php\/wp-json\/wp\/v2\/types\/page"}],"author":[{"embeddable":true,"href":"https:\/\/marieditmoisson.fr\/index.php\/wp-json\/wp\/v2\/users\/1"}],"replies":[{"embeddable":true,"href":"https:\/\/marieditmoisson.fr\/index.php\/wp-json\/wp\/v2\/comments?post=137"}],"version-history":[{"count":13,"href":"https:\/\/marieditmoisson.fr\/index.php\/wp-json\/wp\/v2\/pages\/137\/revisions"}],"predecessor-version":[{"id":576,"href":"https:\/\/marieditmoisson.fr\/index.php\/wp-json\/wp\/v2\/pages\/137\/revisions\/576"}],"wp:attachment":[{"href":"https:\/\/marieditmoisson.fr\/index.php\/wp-json\/wp\/v2\/media?parent=137"}],"curies":[{"name":"wp","href":"https:\/\/api.w.org\/{rel}","templated":true}]}}