{"id":157,"date":"2025-05-03T22:04:54","date_gmt":"2025-05-03T20:04:54","guid":{"rendered":"https:\/\/marieditmoisson.fr\/?page_id=157"},"modified":"2026-04-06T13:03:09","modified_gmt":"2026-04-06T11:03:09","slug":"qui-je-suis","status":"publish","type":"page","link":"https:\/\/marieditmoisson.fr\/index.php\/qui-je-suis\/","title":{"rendered":"Qui je suis"},"content":{"rendered":"\n<div class=\"wp-block-group has-global-padding is-layout-constrained wp-block-group-is-layout-constrained\">\n<figure class=\"wp-block-image aligncenter size-full\"><img loading=\"lazy\" decoding=\"async\" width=\"266\" height=\"357\" src=\"http:\/\/marieditmoisson.fr\/wp-content\/uploads\/2026\/04\/2022_jean_ultra-mini.jpg\" alt=\"\" class=\"wp-image-450\" srcset=\"https:\/\/marieditmoisson.fr\/wp-content\/uploads\/2026\/04\/2022_jean_ultra-mini.jpg 266w, https:\/\/marieditmoisson.fr\/wp-content\/uploads\/2026\/04\/2022_jean_ultra-mini-224x300.jpg 224w\" sizes=\"auto, (max-width: 266px) 100vw, 266px\" \/><\/figure>\n<\/div>\n\n\n\n<p>Mon nom est <strong>Jean-Philippe MARIE DIT MOISSON-ANTOMARCHI<\/strong>. Je suis de la race des encyclop\u00e9distes et autodidactes du XVIIIe s\u00e8cle.<br>Mon p\u00e8re est du Sud de la France, ma m\u00e8re est n\u00e9e au Tonkin (actuelle Indochine).<br>Mes centres d&rsquo;int\u00e9r\u00eat ont tr\u00e8s t\u00f4t \u00e9t\u00e9 transversaux, faisant des ponts entre les disciplines et me rendant inclassable :<br><br><strong>Transmission de savoirs culturels traditionnels de la Corse<\/strong>, par ma grand-m\u00e8re corse, Madeleine ANTOMARCHI.<br>Transmission de savoirs traditionnels, par mon grand-p\u00e8re aux lointaines origines de Mongolie.<br>Connaissance des plantes, des animaux, des \u00e9toiles, de la nature, amour de la lecture, mon grand-p\u00e8re lisait chaque jour le Grand Dictionnaire Encyclop\u00e9dique Larousse et La Bible ; il connaissait la p\u00eache, les champignons, le mara\u00eechage potager, mais aussi la radiesth\u00e9sie dans laquelle il excellait depuis ses voyages au Soudan, en Indochine.<br><br><strong>Culture et solides pratiques artistiques \u00e0 la Fran\u00e7aise<\/strong> me permettant de sculpter toute mati\u00e8re (bois, pierre, pierres semi-pr\u00e9cieuses, terre, etc.).<br>Mes connaissances pratiques ont toujours \u00e9t\u00e9 acquises aux meilleures sources :<br>&#8211; \u00c9cole Nationale Sup\u00e9rieure des Arts et M\u00e9tiers et des M\u00e9tiers d&rsquo;Art (ENSAAMA)<br>&#8211; \u00c9cole Sup\u00e9rieure d&rsquo;Arts Appliqu\u00e9s Dupp\u00e9r\u00e9 (ESAAD)<br>&#8211; \u00c9cole Boulle, Sculpture ornementale sur bois<br>&#8211; Compagnons du Devoir du Tour de France, Tailleur de Pierre (Cath\u00e9drale de Reims).<br><br><strong>Ma soif d&rsquo;apprendre m&rsquo;a conduit \u00e0 fr\u00e9quenter de grands professionnels<\/strong> et de pr\u00e9cieux savoir-faire aujourd&rsquo;hui en voie de disparition :<br>&#8211; Herv\u00e9 CAPELLI, grand mouleur-statuaire ayant travaill\u00e9 pour Paul BELMONDO, ARP, DUBUFFET, etc.<br>&#8211; Jacques BOUSQUET, dernier grand agrandisseur-r\u00e9ducteur statuaire<br>&#8211; Claude LAURENT, Ma\u00eetre Patineur aux Ateliers de Moulage du Louvre.<br><br><strong>Mes comp\u00e9tences de Sculpteur-statuaire ou d&rsquo;Artiste-Peintre<\/strong> m&rsquo;ont permis de travailler pour des noms c\u00e9l\u00e8bres :<br>&#8211; Mus\u00e9e du Louvre<br>&#8211; Ch\u00e2teau de Versailles<br>&#8211; Cath\u00e9drales de Reims, cath\u00e9drale d&rsquo;Autun<br>&#8211; Mus\u00e9e d&rsquo;Histoire de la M\u00e9decine<br>&#8211; Mus\u00e9e d&rsquo;Ankara<br>&#8211; Philippe STARCK : cr\u00e9ation de la banque d&rsquo;accueil en ch\u00eane du Hudson Hotel de New-York (13 m de long, aux d\u00e9cors de glycines)<br>&#8211; Cristalleries de Baccarat<br>&#8211; Porcelaines Haviland &amp; Parlon<br>&#8211; nombreuses collections priv\u00e9es (France, Japon, etc.).<br><br><strong>La litt\u00e9rature et l&rsquo;\u00e9criture ont tr\u00e8s t\u00f4t frapp\u00e9 \u00e0 ma porte<\/strong>. J&rsquo;ai \u00e9t\u00e9 familier de plusieurs \u00e9crivains des ann\u00e9es durant :<br>&#8211; Michel de SAINT PIERRE (1916-1987), cousin d\u2019Henri de MONTHERLANT, et auteur de <em>Les Aristocrates<\/em>, etc..<br>&#8211; Louis PAUWELS (1920-1997), Directeur du Figaro Magazine : <em>Le Matin des Magiciens<\/em>, etc..<\/p>\n\n\n\n<p><strong>Riche d\u2019une solide \u00e9rudition d\u2019autodidacte passionn\u00e9<\/strong>, j\u2019ai collabor\u00e9 des ann\u00e9es durant avec la grande presse (Le Figaro Madame, L\u2019Express, L\u2019Expansion, etc.).<br><strong>F\u00e9ru de Sciences traditionnelles<\/strong> &#8211; des mythologies grecques, \u00e9gyptiennes, aux recherches des alchimistes &#8211; une solide amiti\u00e9 m&rsquo;a li\u00e9 pendant pr\u00e8s de 20 ann\u00e9es \u00e0 un merveilleux \u00e9rudit : Fran\u00e7ois TROJANI (1936-2023), \u00e9crivain herm\u00e9tiste, alchimiste, auteur de <em>L\u2019Orgone, L\u2019homme \u00e9lectromagn\u00e9tique<\/em>, etc..<br>Nos travaux de recherches, nos partages quasi quotidiens, incluaient l&rsquo;\u00e9tude traditionnelle des forces de la nature et de l&rsquo;\u00e9lectromagn\u00e9tique.<br><br><strong>La maturit\u00e9 et le savoir me font choisir aujourd&rsquo;hui de transmettre<\/strong> :<br>&#8211; par mes \u00e9crits,<br>&#8211; par mes stages-formations ou conf\u00e9rence,<br>&#8211; par mes cr\u00e9ations artistiques uniques au monde : transformer le vin en \u0153uvre d&rsquo;art sur toile.<br><br><strong>Transformer le vin en \u0153uvre d&rsquo;art<\/strong> :<br>Un art original comme moi. <br>Un art capable de rayonner la beaut\u00e9, l&rsquo;excellence d&rsquo;un savoir-faire \u00e0 la Fran\u00e7aise.<br>Un art capable d&rsquo;\u00e9mouvoir.<br><strong>Un art assur\u00e9ment capable d&rsquo;apporter ses quelques gouttes d&rsquo;\u00e9lixir de paix et d&rsquo;\u00e9merveillement dans notre monde<\/strong>.<br><br><\/p>\n","protected":false},"excerpt":{"rendered":"<p>Mon nom est Jean-Philippe MARIE DIT MOISSON-ANTOMARCHI. Je suis de la race des encyclop\u00e9distes et autodidactes du XVIIIe s\u00e8cle.Mon p\u00e8re est du Sud de la France, ma m\u00e8re est n\u00e9e au Tonkin (actuelle Indochine).Mes centres d&rsquo;int\u00e9r\u00eat ont tr\u00e8s t\u00f4t \u00e9t\u00e9 transversaux, faisant des ponts entre les disciplines et me rendant inclassable : Transmission de savoirs &hellip; <\/p>\n<p class=\"link-more\"><a href=\"https:\/\/marieditmoisson.fr\/index.php\/qui-je-suis\/\" class=\"more-link\">Lire la suite de<span class=\"screen-reader-text\">\u00ab\u00a0Qui je suis\u00a0\u00bb<\/span><\/a><\/p>\n","protected":false},"author":1,"featured_media":0,"parent":0,"menu_order":0,"comment_status":"closed","ping_status":"closed","template":"","meta":{"footnotes":""},"class_list":["post-157","page","type-page","status-publish","hentry"],"featured_media_urls":[],"_links":{"self":[{"href":"https:\/\/marieditmoisson.fr\/index.php\/wp-json\/wp\/v2\/pages\/157","targetHints":{"allow":["GET"]}}],"collection":[{"href":"https:\/\/marieditmoisson.fr\/index.php\/wp-json\/wp\/v2\/pages"}],"about":[{"href":"https:\/\/marieditmoisson.fr\/index.php\/wp-json\/wp\/v2\/types\/page"}],"author":[{"embeddable":true,"href":"https:\/\/marieditmoisson.fr\/index.php\/wp-json\/wp\/v2\/users\/1"}],"replies":[{"embeddable":true,"href":"https:\/\/marieditmoisson.fr\/index.php\/wp-json\/wp\/v2\/comments?post=157"}],"version-history":[{"count":27,"href":"https:\/\/marieditmoisson.fr\/index.php\/wp-json\/wp\/v2\/pages\/157\/revisions"}],"predecessor-version":[{"id":606,"href":"https:\/\/marieditmoisson.fr\/index.php\/wp-json\/wp\/v2\/pages\/157\/revisions\/606"}],"wp:attachment":[{"href":"https:\/\/marieditmoisson.fr\/index.php\/wp-json\/wp\/v2\/media?parent=157"}],"curies":[{"name":"wp","href":"https:\/\/api.w.org\/{rel}","templated":true}]}}