{"id":290,"date":"2025-12-24T18:28:21","date_gmt":"2025-12-24T17:28:21","guid":{"rendered":"https:\/\/marieditmoisson.fr\/?page_id=290"},"modified":"2026-04-03T20:25:19","modified_gmt":"2026-04-03T18:25:19","slug":"mon-parcours-chamanique","status":"publish","type":"page","link":"https:\/\/marieditmoisson.fr\/index.php\/mon-parcours-chamanique\/","title":{"rendered":"Mon parcours chamanique"},"content":{"rendered":"\n<p><strong>JE SUIS Jean-Philippe MARIE DIT MOISSON-ANTOMARCHI<\/strong>.<br>Ce n\u2019est pas un surnom, mais le nom de ma famille, que j\u2019ai toujours regard\u00e9 avec respect, comme charg\u00e9 de sens plus vaste que moi-m\u00eame.<br>Je suis d\u2019ascendance de Mongolie et de Corse. Ma m\u00e8re est n\u00e9e en Indochine.<\/p>\n\n\n\n<p id=\"block-81aa029a-fc47-49a0-9803-fa6feb240941\"><strong>DEPUIS L\u2019ENFANCE, ET MA VIE DURANT,<\/strong> j\u2019ai v\u00e9cu dans plusieurs mondes en parall\u00e8le : la nature, la litt\u00e9rature et l\u2019art, cette attention particuli\u00e8re \u00e0 l\u2019esprit des choses et des \u00eatres.<\/p>\n\n\n\n<p><strong>EN 1986, UN ACCIDENT DE VOITURE<\/strong> sur autoroute me fait exp\u00e9rimenter trois jours de coma, et m\u2019ouvre le monde des esprits.<br>J\u2019ai eu la chance d\u2019appliquer ces exp\u00e9riences \u00e0 ma vie professionnelle, \u00e0 mes professions successives :<br>\u2013 Sculpteur-statuaire en Art animalier et en Art sacr\u00e9, aupr\u00e8s des mus\u00e9es nationaux (Mus\u00e9e du Louvre, Ch\u00e2teau de Versailles, Mus\u00e9e d\u2019Alexandrie, etc.). Quelques-unes de mes \u0153uvres sont en photos ci-dessous<br>\u2013 Fondateur, Directeur artistique d\u2019une agence de communication d\u2019entreprise<br>\u2013 \u00c9crivain en Sciences &amp; Bien-\u00eatre, Expert-Formateur en \u00ab&nbsp;Vue Parfaite&nbsp;\u00bb.<\/p>\n\n\n\n<p><strong>LES OUVRAGES SUR LE CHAMANISME <\/strong>de Mircea \u00c9LIADE, Vladimir BASILOV et Michael HARNER &#8211; parmi bien d\u2019autres &#8211; furent pour moi une r\u00e9v\u00e9lation. J\u2019y retrouvais les nombreuses perceptions que depuis toujours j\u2019exp\u00e9rimentais, autant dans les mondes invisibles que dans la cr\u00e9ation artistique.<br>Pour me former \u00e0 la pratique chamanisme, j\u2019ai suivi dix s\u00e9minaires de formation avanc\u00e9s con\u00e7us par l\u2019anthropologue Michael HARNER d\u2019apr\u00e8s son exp\u00e9rience de terrain, d\u2019universitaire, de chercheur et d\u2019enseignant en Chamanisme.<br><br><strong>La pratique du Chamanisme<\/strong> est aujourd\u2019hui un pilier dans ma vie : pour m\u2019aider, aider ceux qui me sont chers et ceux \u00e0 qui cette voie peut apporter de l\u2019aide.<\/p>\n\n\n\n<figure class=\"wp-block-image aligncenter size-full is-resized\"><img loading=\"lazy\" decoding=\"async\" width=\"1024\" height=\"683\" src=\"http:\/\/marieditmoisson.fr\/wp-content\/uploads\/2026\/04\/iStock-941009200-1024x683-1.jpg\" alt=\"\" class=\"wp-image-472\" style=\"width:658px;height:auto\" srcset=\"https:\/\/marieditmoisson.fr\/wp-content\/uploads\/2026\/04\/iStock-941009200-1024x683-1.jpg 1024w, https:\/\/marieditmoisson.fr\/wp-content\/uploads\/2026\/04\/iStock-941009200-1024x683-1-300x200.jpg 300w\" sizes=\"auto, (max-width: 1024px) 100vw, 1024px\" \/><figcaption class=\"wp-element-caption\">\u00a9 Istock<\/figcaption><\/figure>\n","protected":false},"excerpt":{"rendered":"<p>JE SUIS Jean-Philippe MARIE DIT MOISSON-ANTOMARCHI.Ce n\u2019est pas un surnom, mais le nom de ma famille, que j\u2019ai toujours regard\u00e9 avec respect, comme charg\u00e9 de sens plus vaste que moi-m\u00eame.Je suis d\u2019ascendance de Mongolie et de Corse. Ma m\u00e8re est n\u00e9e en Indochine. DEPUIS L\u2019ENFANCE, ET MA VIE DURANT, j\u2019ai v\u00e9cu dans plusieurs mondes en &hellip; <\/p>\n<p class=\"link-more\"><a href=\"https:\/\/marieditmoisson.fr\/index.php\/mon-parcours-chamanique\/\" class=\"more-link\">Lire la suite de<span class=\"screen-reader-text\">\u00ab\u00a0Mon parcours chamanique\u00a0\u00bb<\/span><\/a><\/p>\n","protected":false},"author":1,"featured_media":0,"parent":0,"menu_order":0,"comment_status":"closed","ping_status":"closed","template":"","meta":{"footnotes":""},"class_list":["post-290","page","type-page","status-publish","hentry"],"featured_media_urls":[],"_links":{"self":[{"href":"https:\/\/marieditmoisson.fr\/index.php\/wp-json\/wp\/v2\/pages\/290","targetHints":{"allow":["GET"]}}],"collection":[{"href":"https:\/\/marieditmoisson.fr\/index.php\/wp-json\/wp\/v2\/pages"}],"about":[{"href":"https:\/\/marieditmoisson.fr\/index.php\/wp-json\/wp\/v2\/types\/page"}],"author":[{"embeddable":true,"href":"https:\/\/marieditmoisson.fr\/index.php\/wp-json\/wp\/v2\/users\/1"}],"replies":[{"embeddable":true,"href":"https:\/\/marieditmoisson.fr\/index.php\/wp-json\/wp\/v2\/comments?post=290"}],"version-history":[{"count":6,"href":"https:\/\/marieditmoisson.fr\/index.php\/wp-json\/wp\/v2\/pages\/290\/revisions"}],"predecessor-version":[{"id":483,"href":"https:\/\/marieditmoisson.fr\/index.php\/wp-json\/wp\/v2\/pages\/290\/revisions\/483"}],"wp:attachment":[{"href":"https:\/\/marieditmoisson.fr\/index.php\/wp-json\/wp\/v2\/media?parent=290"}],"curies":[{"name":"wp","href":"https:\/\/api.w.org\/{rel}","templated":true}]}}