{"id":9,"date":"2025-04-29T21:23:27","date_gmt":"2025-04-29T19:23:27","guid":{"rendered":"https:\/\/marieditmoisson.fr\/?page_id=9"},"modified":"2026-04-06T12:09:00","modified_gmt":"2026-04-06T10:09:00","slug":"accueil","status":"publish","type":"page","link":"https:\/\/marieditmoisson.fr\/","title":{"rendered":"Accueil"},"content":{"rendered":"\n<div class=\"wp-block-cover alignfull is-light\" style=\"min-height:100vh;aspect-ratio:unset;\"><video class=\"wp-block-cover__video-background intrinsic-ignore\" autoplay muted loop playsinline src=\"http:\/\/marieditmoisson.fr\/wp-content\/uploads\/2025\/04\/iStock-543008100-3.2Mo.mp4\" data-object-fit=\"cover\"><\/video><span aria-hidden=\"true\" class=\"wp-block-cover__background has-background-dim-20 has-background-dim\" style=\"background-color:#FFF\"><\/span><div class=\"wp-block-cover__inner-container has-global-padding is-layout-constrained wp-block-cover-is-layout-constrained\">\n<p class=\"has-text-align-center has-white-color has-text-color has-max-60-font-size\" style=\"font-style:normal;font-weight:900;line-height:1.2\"><strong>Jean-Philippe<\/strong> <\/p>\n\n\n\n<p class=\"has-text-align-center has-white-color has-text-color has-max-60-font-size\" style=\"font-style:normal;font-weight:900;line-height:1.2\"><strong>Marie dit Moisson-Antomarchi<\/strong><\/p>\n\n\n\n<p class=\"has-text-align-center has-white-color has-text-color has-medium-font-size\">Le site officiel de l&rsquo;\u00c9crivain-Artiste-Enseignant libre et inclassable<\/p>\n\n\n\n<div style=\"height:55px\" aria-hidden=\"true\" class=\"wp-block-spacer\"><\/div>\n\n\n\n<div class=\"wp-block-buttons is-content-justification-center is-layout-flex wp-container-core-buttons-is-layout-a89b3969 wp-block-buttons-is-layout-flex\">\n<div class=\"wp-block-button is-style-outline is-style-outline--1\"><a class=\"wp-block-button__link has-white-color has-text-color wp-element-button\" href=\"#\" style=\"border-radius:0px\">BIENVENUE<\/a><\/div>\n<\/div>\n<\/div><\/div>\n\n\n\n<div class=\"wp-block-group has-global-padding is-layout-constrained wp-block-group-is-layout-constrained\">\n<div style=\"height:57px\" aria-hidden=\"true\" class=\"wp-block-spacer\"><\/div>\n\n\n\n<h2 class=\"wp-block-heading has-text-align-center has-medium-font-size\" style=\"letter-spacing:1px\">MON EXPERTISE COUVRE PLUSIEURS DOMAINES <br>CULTURELS &amp; ARTISTIQUES :<\/h2>\n\n\n\n<p class=\"has-text-align-center\">BIEN VOIR NOTRE MONDE avec la \u00ab\u00a0Vue Parfaite\u00a0\u00bb.<br>VISITER LES AUTRES MONDES avec le Chamanisme.<br>ARTISTE-PEINTRE, JE TRANSFORME LE VIN EN \u0152UVRES D&rsquo;ART uniques au monde.<\/p>\n\n\n\n<div class=\"wp-block-buttons is-horizontal is-content-justification-center is-layout-flex wp-container-core-buttons-is-layout-03627597 wp-block-buttons-is-layout-flex\">\n<div class=\"wp-block-button is-style-outline is-style-outline--2\"><a class=\"wp-block-button__link has-small-font-size has-custom-font-size wp-element-button\" href=\"#\" style=\"border-radius:0px\">EN SAVOIR PLUS<\/a><\/div>\n<\/div>\n\n\n\n<div style=\"height:57px\" aria-hidden=\"true\" class=\"wp-block-spacer\"><\/div>\n<\/div>\n\n\n\n<div id=\"services\" class=\"wp-block-group alignfull pattern_multiple_covers has-background has-global-padding is-layout-constrained wp-block-group-is-layout-constrained\" style=\"background-color:#e5e9ec\">\n<div class=\"wp-block-group alignfull has-background is-layout-flow wp-block-group-is-layout-flow\" style=\"background-color:#e5e9ec\"><\/div>\n\n\n\n<p class=\"has-text-align-left has-secondary-color has-text-color\" style=\"letter-spacing:1px\">TRAVAILLONS ENSEMBLE !<\/p>\n\n\n\n<h2 class=\"wp-block-heading has-text-align-left\">Mes expertises &#8211; Mes Services<\/h2>\n\n\n\n<p class=\"has-text-align-left\">J&rsquo;ai d\u00e9velopp\u00e9 mes connaissances, mes savoir-faire, mes publications et mon art dans plusieurs domaines compl\u00e9mentaires.<\/p>\n\n\n\n<div style=\"height:46px\" aria-hidden=\"true\" class=\"wp-block-spacer\"><\/div>\n\n\n\n<div class=\"wp-block-columns is-layout-flex wp-container-core-columns-is-layout-28f84493 wp-block-columns-is-layout-flex\">\n<div class=\"wp-block-column is-layout-flow wp-block-column-is-layout-flow\" style=\"padding-top:0;padding-right:0;padding-bottom:0;padding-left:0\">\n<div class=\"wp-block-cover is-light has-custom-content-position is-position-bottom-left\" style=\"padding-top:var(--wp--preset--spacing--small);padding-right:var(--wp--preset--spacing--x-small);padding-bottom:var(--wp--preset--spacing--small);padding-left:var(--wp--preset--spacing--x-small)\"><img loading=\"lazy\" decoding=\"async\" width=\"600\" height=\"800\" class=\"wp-block-cover__image-background wp-image-258 size-full\" alt=\"\" src=\"http:\/\/marieditmoisson.fr\/wp-content\/uploads\/2025\/12\/c3b7165aa80511c00a4281118e97a84476641bec.jpg\" data-object-fit=\"cover\" srcset=\"https:\/\/marieditmoisson.fr\/wp-content\/uploads\/2025\/12\/c3b7165aa80511c00a4281118e97a84476641bec.jpg 600w, https:\/\/marieditmoisson.fr\/wp-content\/uploads\/2025\/12\/c3b7165aa80511c00a4281118e97a84476641bec-225x300.jpg 225w\" sizes=\"auto, (max-width: 600px) 100vw, 600px\" \/><span aria-hidden=\"true\" class=\"wp-block-cover__background has-primary-background-color has-background-dim-0 has-background-dim\"><\/span><div class=\"wp-block-cover__inner-container is-layout-flow wp-block-cover-is-layout-flow\">\n<h3 class=\"wp-block-heading has-white-color has-text-color has-medium-font-size\" style=\"margin-top:0;margin-right:0;margin-bottom:0;margin-left:0\">\u00c9CRIVAIN<br>en Sciences &amp; Bien-\u00eatre<\/h3>\n\n\n\n<p class=\"has-secondary-color has-text-color has-link-color wp-elements-f58eb2abca0e6438061f801939ccefad\" style=\"margin-top:0;margin-right:0;margin-bottom:0;margin-left:0\"><a href=\"https:\/\/marieditmoisson.fr\/index.php\/formations-en-vue-parfaite\/\"><strong>En savoir plus \u2192<\/strong><\/a><\/p>\n<\/div><\/div>\n<\/div>\n\n\n\n<div class=\"wp-block-column is-layout-flow wp-block-column-is-layout-flow\" style=\"padding-top:0;padding-right:0;padding-bottom:0;padding-left:0\">\n<div class=\"wp-block-cover is-light has-custom-content-position is-position-bottom-left\" style=\"padding-top:var(--wp--preset--spacing--small);padding-right:var(--wp--preset--spacing--x-small);padding-bottom:var(--wp--preset--spacing--small);padding-left:var(--wp--preset--spacing--x-small)\"><img loading=\"lazy\" decoding=\"async\" width=\"595\" height=\"927\" class=\"wp-block-cover__image-background wp-image-250 size-full\" alt=\"\" src=\"http:\/\/marieditmoisson.fr\/wp-content\/uploads\/2025\/12\/galerie_perrine.jpg\" style=\"object-position:29% 25%\" data-object-fit=\"cover\" data-object-position=\"29% 25%\" srcset=\"https:\/\/marieditmoisson.fr\/wp-content\/uploads\/2025\/12\/galerie_perrine.jpg 595w, https:\/\/marieditmoisson.fr\/wp-content\/uploads\/2025\/12\/galerie_perrine-193x300.jpg 193w\" sizes=\"auto, (max-width: 595px) 100vw, 595px\" \/><span aria-hidden=\"true\" class=\"wp-block-cover__background has-primary-background-color has-background-dim-10 has-background-dim\"><\/span><div class=\"wp-block-cover__inner-container is-layout-flow wp-block-cover-is-layout-flow\">\n<h3 class=\"wp-block-heading has-white-color has-text-color has-medium-font-size\" style=\"margin-top:0;margin-right:0;margin-bottom:0;margin-left:0\">ARTISTE-PEINTRE<br>issu des Mus\u00e9es nationaux<\/h3>\n\n\n\n<p class=\"has-secondary-color has-text-color has-link-color wp-elements-51ed87d2f476902de064b2023ab5d23a\" style=\"margin-top:0;margin-right:0;margin-bottom:0;margin-left:0\"><a href=\"#\"><\/a><strong><a href=\"https:\/\/marieditmoisson.fr\/index.php\/tableaux-100-vin\/\">En savoir plus<\/a> \u2192<\/strong><\/p>\n<\/div><\/div>\n<\/div>\n\n\n\n<div class=\"wp-block-column is-layout-flow wp-block-column-is-layout-flow\" style=\"padding-top:0;padding-right:0;padding-bottom:0;padding-left:0\">\n<div class=\"wp-block-cover has-custom-content-position is-position-bottom-left\" style=\"padding-top:var(--wp--preset--spacing--small);padding-right:var(--wp--preset--spacing--x-small);padding-bottom:var(--wp--preset--spacing--small);padding-left:var(--wp--preset--spacing--x-small)\"><img loading=\"lazy\" decoding=\"async\" width=\"1024\" height=\"683\" class=\"wp-block-cover__image-background wp-image-252 size-large\" alt=\"\" src=\"http:\/\/marieditmoisson.fr\/wp-content\/uploads\/2025\/12\/iStock-1030584102-1024x683.jpg\" style=\"object-position:50% 76%\" data-object-fit=\"cover\" data-object-position=\"50% 76%\" srcset=\"https:\/\/marieditmoisson.fr\/wp-content\/uploads\/2025\/12\/iStock-1030584102-1024x683.jpg 1024w, https:\/\/marieditmoisson.fr\/wp-content\/uploads\/2025\/12\/iStock-1030584102-300x200.jpg 300w, https:\/\/marieditmoisson.fr\/wp-content\/uploads\/2025\/12\/iStock-1030584102.jpg 1254w\" sizes=\"auto, (max-width: 1024px) 100vw, 1024px\" \/><span aria-hidden=\"true\" class=\"wp-block-cover__background has-primary-background-color has-background-dim-0 has-background-dim\"><\/span><div class=\"wp-block-cover__inner-container is-layout-flow wp-block-cover-is-layout-flow\">\n<h3 class=\"wp-block-heading has-white-color has-text-color has-medium-font-size\" style=\"margin-top:0;margin-right:0;margin-bottom:0;margin-left:0\">\u00c9CRIVAIN &amp; PRATICIEN<br>en Chamanisme<\/h3>\n\n\n\n<p class=\"has-secondary-color has-text-color has-link-color wp-elements-0fcbf85be943979c49f90a2b31278a4a\" style=\"margin-top:0;margin-right:0;margin-bottom:0;margin-left:0\"><a href=\"#\"><\/a><strong><a href=\"https:\/\/marieditmoisson.fr\/index.php\/soins-chamaniques\/\">En savoir plus<\/a> \u2192<\/strong><\/p>\n<\/div><\/div>\n<\/div>\n<\/div>\n\n\n\n<div style=\"height:103px\" aria-hidden=\"true\" class=\"wp-block-spacer\"><\/div>\n<\/div>\n\n\n\n<div class=\"wp-block-group alignfull has-background has-global-padding is-layout-constrained wp-block-group-is-layout-constrained\" style=\"background-color:#f7f0eb\">\n<div class=\"wp-block-group has-global-padding is-layout-constrained wp-block-group-is-layout-constrained\" style=\"padding-top:var(--wp--preset--spacing--small);padding-bottom:var(--wp--preset--spacing--small)\">\n<div class=\"wp-block-columns are-vertically-aligned-center is-layout-flex wp-container-core-columns-is-layout-c375d253 wp-block-columns-is-layout-flex\">\n<div class=\"wp-block-column is-vertically-aligned-center is-layout-flow wp-block-column-is-layout-flow\">\n<figure class=\"wp-block-image size-large\"><img loading=\"lazy\" decoding=\"async\" width=\"1024\" height=\"674\" src=\"https:\/\/marieditmoisson.fr\/wp-content\/uploads\/2026\/01\/accueil-art-1024x674.jpg\" alt=\"\" class=\"wp-image-316\" srcset=\"https:\/\/marieditmoisson.fr\/wp-content\/uploads\/2026\/01\/accueil-art-1024x674.jpg 1024w, https:\/\/marieditmoisson.fr\/wp-content\/uploads\/2026\/01\/accueil-art-300x198.jpg 300w, https:\/\/marieditmoisson.fr\/wp-content\/uploads\/2026\/01\/accueil-art.jpg 2000w\" sizes=\"auto, (max-width: 1024px) 100vw, 1024px\" \/><\/figure>\n<\/div>\n\n\n\n<div class=\"wp-block-column is-vertically-aligned-center is-layout-flow wp-block-column-is-layout-flow\">\n<h2 class=\"wp-block-heading has-medium-font-size\" style=\"text-transform:uppercase\">JE TRANSFORME LE VIN EN \u0152UVRE D&rsquo;ART<\/h2>\n\n\n\n<p><strong>Mon art est unique, magique<\/strong> et tr\u00e8s sp\u00e9cifique : peindre sur toile, 100% avec le vin, servi par le soleil, la lune, l&rsquo;air et le vent.<br><br><strong>Artiste d&rsquo;exp\u00e9rience<\/strong>, Jean-Philippe MARIE DIT MOISSON-ANTOMARCHI est h\u00e9ritier d&rsquo;une longue lign\u00e9e de savoir-faire \u00e0 la Fran\u00e7aise : <br>&#8211; Mus\u00e9es nationaux (Mus\u00e9e du Louvre, Ch\u00e2teau de Versailles, etc.),<br>&#8211; Compagnons du Devoir du Tour de France (Cath\u00e9drales),<br>&#8211; cr\u00e9ations pour Cristalleries de Baccarat, Philippe STARCK, Porcelaines Haviland &amp; Parlon, etc..<\/p>\n\n\n\n<div class=\"wp-block-buttons is-layout-flex wp-block-buttons-is-layout-flex\">\n<div class=\"wp-block-button is-style-outline is-style-outline--3\"><a class=\"wp-block-button__link wp-element-button\" href=\"https:\/\/marieditmoisson.fr\/index.php\/tableaux-100-vin\/\" style=\"border-radius:0px\">GALERIE<\/a><\/div>\n<\/div>\n<\/div>\n<\/div>\n\n\n\n<p><\/p>\n<\/div>\n<\/div>\n\n\n\n<div class=\"wp-block-group alignfull has-background has-global-padding is-layout-constrained wp-block-group-is-layout-constrained\" style=\"background-color:#e5e9ec\">\n<div class=\"wp-block-group has-global-padding is-layout-constrained wp-block-group-is-layout-constrained\" style=\"padding-top:var(--wp--preset--spacing--small);padding-bottom:var(--wp--preset--spacing--small)\">\n<div class=\"wp-block-columns are-vertically-aligned-center is-layout-flex wp-container-core-columns-is-layout-c375d253 wp-block-columns-is-layout-flex\">\n<div class=\"wp-block-column is-vertically-aligned-center is-layout-flow wp-block-column-is-layout-flow\">\n<figure class=\"wp-block-image size-large\"><img loading=\"lazy\" decoding=\"async\" width=\"1024\" height=\"753\" src=\"https:\/\/marieditmoisson.fr\/wp-content\/uploads\/2026\/01\/mes-2-livres-1024x753.jpg\" alt=\"\" class=\"wp-image-310\" srcset=\"https:\/\/marieditmoisson.fr\/wp-content\/uploads\/2026\/01\/mes-2-livres-1024x753.jpg 1024w, https:\/\/marieditmoisson.fr\/wp-content\/uploads\/2026\/01\/mes-2-livres-300x221.jpg 300w, https:\/\/marieditmoisson.fr\/wp-content\/uploads\/2026\/01\/mes-2-livres.jpg 1599w\" sizes=\"auto, (max-width: 1024px) 100vw, 1024px\" \/><\/figure>\n<\/div>\n\n\n\n<div class=\"wp-block-column is-vertically-aligned-center is-layout-flow wp-block-column-is-layout-flow\">\n<h2 class=\"wp-block-heading has-medium-font-size\" style=\"text-transform:uppercase\">UNE \u00ab\u00a0VUE PARFAITE SANS LUNETTES\u00a0\u00bb : <br>MIEUX VOIR S&rsquo;APPREND<\/h2>\n\n\n\n<p>Le Dr William BATES l&rsquo;affirmait : <strong>\u00ab\u00a0Tout \u0153il est normal et poss\u00e8de une vue parfaite ; mais seulement lorsqu&rsquo;il est relax\u00e9\u00a0\u00bb<\/strong>, riche de ses 40 ann\u00e9es de pratique auto-r\u00e9\u00e9ducative.<br>Oui, bien voir peut se r\u00e9apprendre \u00e0 tout \u00e2ge.<\/p>\n\n\n\n<p><strong>JPh. MARIE DIT MOISSON est l&rsquo;auteur des livres de r\u00e9f\u00e9rence<\/strong> : <br>&#8211; <em>Une Vue Parfaite sans lunettes ni traitement ou intervention<\/em> &#8211; Dr William BATES &#8211; Le Courrier du Livre, 2008, 2008, 2009, 2011<br>&#8211; <em>Une Vue Meilleure avec le Dr BATES, Ophtalmologiste<\/em> &#8211; Le Courrier du Livre, 2010.<\/p>\n\n\n\n<div class=\"wp-block-buttons is-layout-flex wp-block-buttons-is-layout-flex\">\n<div class=\"wp-block-button is-style-outline is-style-outline--4\"><a class=\"wp-block-button__link wp-element-button\" href=\"https:\/\/marieditmoisson.fr\/index.php\/formations-en-vue-parfaite\/\" style=\"border-radius:0px\">APPRENDRE LA \u00ab\u00a0VUE PARFAITE\u00a0\u00bb<\/a><\/div>\n<\/div>\n<\/div>\n<\/div>\n\n\n\n<p><\/p>\n<\/div>\n<\/div>\n\n\n\n<div class=\"wp-block-group alignfull has-background has-global-padding is-layout-constrained wp-block-group-is-layout-constrained\" style=\"background-color:#f7f0eb\">\n<div class=\"wp-block-group has-global-padding is-layout-constrained wp-block-group-is-layout-constrained\" style=\"padding-top:var(--wp--preset--spacing--small);padding-bottom:var(--wp--preset--spacing--small)\">\n<p><\/p>\n\n\n\n<div class=\"wp-block-columns is-layout-flex wp-container-core-columns-is-layout-c375d253 wp-block-columns-is-layout-flex\">\n<div class=\"wp-block-column is-vertically-aligned-center is-layout-flow wp-block-column-is-layout-flow\">\n<h2 class=\"wp-block-heading has-medium-font-size\" style=\"text-transform:uppercase\">LA \u00ab\u00a0VUE CHAMANIQUE\u00a0\u00bb : <br>VISITER LES MONDES INVISIBLES<\/h2>\n\n\n\n<p>\u00ab\u00a0<strong>Le chaman, \u00eatre humain, communique avec les esprits<\/strong>. Par le moyen de ses voyages, il sert de m\u00e9diateur entre l\u2019invisible et le visible.<br><strong>Le chaman est le grand sp\u00e9cialiste de l\u2019\u00e2me humaine<\/strong>. Seul il la voit, car il conna\u00eet sa forme et sa destin\u00e9e\u00a0\u00bb.<\/p>\n\n\n\n<p>Mircea \u00c9LIADE, <em>Le Chamanisme et les techniques archa\u00efques de l\u2019extase<\/em> &#8211; Payot, 1951<\/p>\n\n\n\n<div class=\"wp-block-buttons is-horizontal is-content-justification-left is-layout-flex wp-container-core-buttons-is-layout-20be11b6 wp-block-buttons-is-layout-flex\">\n<div class=\"wp-block-button is-style-outline is-style-outline--5\"><a class=\"wp-block-button__link wp-element-button\" href=\"https:\/\/marieditmoisson.fr\/index.php\/soins-chamaniques\/\" style=\"border-radius:0px\">D\u00c9COUVRIR LE CHAMANISME<\/a><\/div>\n<\/div>\n\n\n\n<p><\/p>\n<\/div>\n\n\n\n<div class=\"wp-block-column is-layout-flow wp-block-column-is-layout-flow\">\n<figure class=\"wp-block-image size-large\"><img loading=\"lazy\" decoding=\"async\" width=\"1024\" height=\"767\" src=\"https:\/\/marieditmoisson.fr\/wp-content\/uploads\/2026\/01\/accueil-aigle-ciel-1024x767.jpg\" alt=\"\" class=\"wp-image-318\" srcset=\"https:\/\/marieditmoisson.fr\/wp-content\/uploads\/2026\/01\/accueil-aigle-ciel-1024x767.jpg 1024w, https:\/\/marieditmoisson.fr\/wp-content\/uploads\/2026\/01\/accueil-aigle-ciel-300x225.jpg 300w, https:\/\/marieditmoisson.fr\/wp-content\/uploads\/2026\/01\/accueil-aigle-ciel.jpg 1600w\" sizes=\"auto, (max-width: 1024px) 100vw, 1024px\" \/><\/figure>\n<\/div>\n<\/div>\n\n\n\n<div style=\"height:30px\" aria-hidden=\"true\" class=\"wp-block-spacer\"><\/div>\n<\/div>\n<\/div>\n\n\n\n<div class=\"wp-block-group alignfull has-background has-global-padding is-layout-constrained wp-block-group-is-layout-constrained\" style=\"background-color:#e5e9ec\">\n<div class=\"wp-block-group has-global-padding is-layout-constrained wp-block-group-is-layout-constrained\" style=\"padding-top:var(--wp--preset--spacing--small);padding-bottom:var(--wp--preset--spacing--small)\">\n<div style=\"height:30px\" aria-hidden=\"true\" class=\"wp-block-spacer\"><\/div>\n\n\n\n<div class=\"wp-block-columns is-layout-flex wp-container-core-columns-is-layout-c375d253 wp-block-columns-is-layout-flex\">\n<div class=\"wp-block-column is-vertically-aligned-center is-layout-flow wp-block-column-is-layout-flow\">\n<h2 class=\"wp-block-heading has-medium-font-size\" style=\"text-transform:uppercase\">DJ de Tango traditionnel<\/h2>\n\n\n\n<p>Jean-Philippe ANTOMARCHI danse et \u00e9tudie la musique du Tango depuis 2010. Il a travaill\u00e9 la musicalisation aupr\u00e8s de plusieurs TDJ argentins &#8211; dont Roberto Maiolo &#8211; et musicalise depuis 2020 \u00e0 Toulouse.<br>SON CREDO : valoriser les grands tangos de l\u2019Age d\u2019or &#8211; toujours annonc\u00e9s au micro -, dans une musicalisation muscl\u00e9e, \u00e9mouvante, faite pour danser.\u2028<br>Jean-Philippe vois le TDJ tel un pianiste : <strong>chaque touche de son clavier est un chef-d\u2019\u0153uvre, choisi parmi 2000 Tangos exceptionnels qu&rsquo;il a s\u00e9lectionn\u00e9s<\/strong>. Il concourt ainsi \u00e0 pr\u00e9server, faire conna\u00eetre et faire vivre ce patrimoine que des musiciens d\u2019exception nous ont l\u00e9gu\u00e9s.<\/p>\n\n\n\n<div class=\"wp-block-buttons is-horizontal is-content-justification-left is-layout-flex wp-container-core-buttons-is-layout-20be11b6 wp-block-buttons-is-layout-flex\">\n<div class=\"wp-block-button is-style-outline is-style-outline--6\"><a class=\"wp-block-button__link wp-element-button\" href=\"https:\/\/marieditmoisson.fr\/index.php\/tango-dj\/\" style=\"border-radius:0px\">EN SAVOIR PLUS<\/a><\/div>\n<\/div>\n\n\n\n<p><\/p>\n<\/div>\n\n\n\n<div class=\"wp-block-column is-layout-flow wp-block-column-is-layout-flow\">\n<figure class=\"wp-block-image size-large\"><img loading=\"lazy\" decoding=\"async\" width=\"1024\" height=\"796\" src=\"http:\/\/marieditmoisson.fr\/wp-content\/uploads\/2025\/12\/TDJ-Jean-Philippe-Antomarchi-1024x796.jpg\" alt=\"\" class=\"wp-image-268\" srcset=\"https:\/\/marieditmoisson.fr\/wp-content\/uploads\/2025\/12\/TDJ-Jean-Philippe-Antomarchi-1024x796.jpg 1024w, https:\/\/marieditmoisson.fr\/wp-content\/uploads\/2025\/12\/TDJ-Jean-Philippe-Antomarchi-300x233.jpg 300w, https:\/\/marieditmoisson.fr\/wp-content\/uploads\/2025\/12\/TDJ-Jean-Philippe-Antomarchi.jpg 1200w\" sizes=\"auto, (max-width: 1024px) 100vw, 1024px\" \/><\/figure>\n<\/div>\n<\/div>\n\n\n\n<div style=\"height:30px\" aria-hidden=\"true\" class=\"wp-block-spacer\"><\/div>\n<\/div>\n<\/div>\n\n\n\n\n\n<div id=\"team\" class=\"wp-block-group has-global-padding is-layout-constrained wp-block-group-is-layout-constrained\"><\/div>\n\n\n\n<div class=\"wp-block-cover alignfull has-parallax is-position-center-center\" style=\"border-radius:0px\"><div class=\"wp-block-cover__image-background wp-image-24 has-parallax\" style=\"background-position:50% 50%;background-image:url(https:\/\/marieditmoisson.fr\/wp-content\/themes\/inspiro\/assets\/images\/StockSnap_89BQZ89TLH.jpg)\"><\/div><span aria-hidden=\"true\" class=\"wp-block-cover__background has-black-background-color has-background-dim-40 has-background-dim\"><\/span><div class=\"wp-block-cover__inner-container is-layout-flow wp-block-cover-is-layout-flow\">\n<div class=\"wp-block-group has-global-padding is-layout-constrained wp-block-group-is-layout-constrained\">\n<h3 class=\"wp-block-heading has-text-align-center has-text-color has-medium-font-size\" style=\"color:#fffffa;text-transform:uppercase\">Suivre une formation personnalis\u00e9e<br><br>Acqu\u00e9rir une \u0153uvre d&rsquo;art, peinte avec le vin<br><br>Me pr\u00e9senter votre projet<br><\/h3>\n\n\n\n<p class=\"has-text-align-center has-white-color has-text-color\"><\/p>\n\n\n\n<div style=\"height:31px\" aria-hidden=\"true\" class=\"wp-block-spacer\"><\/div>\n\n\n\n<div class=\"wp-block-buttons is-horizontal is-content-justification-center is-layout-flex wp-container-core-buttons-is-layout-03627597 wp-block-buttons-is-layout-flex\">\n<div class=\"wp-block-button is-style-outline is-style-outline--7\"><a class=\"wp-block-button__link has-white-color has-text-color wp-element-button\" href=\"https:\/\/marieditmoisson.fr\/index.php\/contact-2\/\" style=\"border-radius:0px\">ME CONTACTER<\/a><\/div>\n<\/div>\n<\/div>\n<\/div><\/div>\n\n\n\n<p><\/p>\n","protected":false},"excerpt":{"rendered":"<p>MON EXPERTISE COUVRE PLUSIEURS DOMAINES CULTURELS &amp; ARTISTIQUES : BIEN VOIR NOTRE MONDE avec la \u00ab\u00a0Vue Parfaite\u00a0\u00bb.VISITER LES AUTRES MONDES avec le Chamanisme.ARTISTE-PEINTRE, JE TRANSFORME LE VIN EN \u0152UVRES D&rsquo;ART uniques au monde. TRAVAILLONS ENSEMBLE ! Mes expertises &#8211; Mes Services J&rsquo;ai d\u00e9velopp\u00e9 mes connaissances, mes savoir-faire, mes publications et mon art dans plusieurs domaines &hellip; <\/p>\n<p class=\"link-more\"><a href=\"https:\/\/marieditmoisson.fr\/\" class=\"more-link\">Lire la suite de<span class=\"screen-reader-text\">\u00ab\u00a0Accueil\u00a0\u00bb<\/span><\/a><\/p>\n","protected":false},"author":1,"featured_media":0,"parent":0,"menu_order":0,"comment_status":"closed","ping_status":"closed","template":"page-templates\/homepage-no-hero.php","meta":{"footnotes":""},"class_list":["post-9","page","type-page","status-publish","hentry"],"featured_media_urls":[],"_links":{"self":[{"href":"https:\/\/marieditmoisson.fr\/index.php\/wp-json\/wp\/v2\/pages\/9","targetHints":{"allow":["GET"]}}],"collection":[{"href":"https:\/\/marieditmoisson.fr\/index.php\/wp-json\/wp\/v2\/pages"}],"about":[{"href":"https:\/\/marieditmoisson.fr\/index.php\/wp-json\/wp\/v2\/types\/page"}],"author":[{"embeddable":true,"href":"https:\/\/marieditmoisson.fr\/index.php\/wp-json\/wp\/v2\/users\/1"}],"replies":[{"embeddable":true,"href":"https:\/\/marieditmoisson.fr\/index.php\/wp-json\/wp\/v2\/comments?post=9"}],"version-history":[{"count":197,"href":"https:\/\/marieditmoisson.fr\/index.php\/wp-json\/wp\/v2\/pages\/9\/revisions"}],"predecessor-version":[{"id":580,"href":"https:\/\/marieditmoisson.fr\/index.php\/wp-json\/wp\/v2\/pages\/9\/revisions\/580"}],"wp:attachment":[{"href":"https:\/\/marieditmoisson.fr\/index.php\/wp-json\/wp\/v2\/media?parent=9"}],"curies":[{"name":"wp","href":"https:\/\/api.w.org\/{rel}","templated":true}]}}